{"id":338,"date":"2023-05-03T09:05:01","date_gmt":"2023-05-03T07:05:01","guid":{"rendered":"http:\/\/lohanfm.fr\/?page_id=338"},"modified":"2023-05-04T12:25:13","modified_gmt":"2023-05-04T10:25:13","slug":"2eme-stage-de-bts-sio","status":"publish","type":"page","link":"https:\/\/lohanfm.fr\/index.php\/2eme-stage-de-bts-sio\/","title":{"rendered":"2eme stage de BTS SIO"},"content":{"rendered":"\t\t<div data-elementor-type=\"wp-page\" data-elementor-id=\"338\" class=\"elementor elementor-338\">\n\t\t\t\t\t\t<section class=\"elementor-section elementor-top-section elementor-element elementor-element-52c5c54 elementor-section-boxed elementor-section-height-default elementor-section-height-default\" data-id=\"52c5c54\" data-element_type=\"section\">\n\t\t\t\t\t\t<div class=\"elementor-container elementor-column-gap-default\">\n\t\t\t\t\t<div class=\"elementor-column elementor-col-100 elementor-top-column elementor-element elementor-element-884aefa\" data-id=\"884aefa\" data-element_type=\"column\">\n\t\t\t<div class=\"elementor-widget-wrap elementor-element-populated\">\n\t\t\t\t\t\t<div class=\"elementor-element elementor-element-313fe5d elementor-widget elementor-widget-heading\" data-id=\"313fe5d\" data-element_type=\"widget\" data-widget_type=\"heading.default\">\n\t\t\t\t<div class=\"elementor-widget-container\">\n\t\t\t<h1 class=\"elementor-heading-title elementor-size-xxl\">2\u00e8me stage de BTS SIO<\/h1>\t\t<\/div>\n\t\t\t\t<\/div>\n\t\t\t\t<div class=\"elementor-element elementor-element-475cce2 elementor-widget elementor-widget-text-editor\" data-id=\"475cce2\" data-element_type=\"widget\" data-widget_type=\"text-editor.default\">\n\t\t\t\t<div class=\"elementor-widget-container\">\n\t\t\t\t\t\t\t<p style=\"text-align: center;\"><em>13 mars au 21 avril 2023<\/em><\/p>\t\t\t\t\t\t<\/div>\n\t\t\t\t<\/div>\n\t\t\t\t\t<\/div>\n\t\t<\/div>\n\t\t\t\t\t<\/div>\n\t\t<\/section>\n\t\t\t\t<section class=\"elementor-section elementor-top-section elementor-element elementor-element-0c2e7b9 elementor-section-boxed elementor-section-height-default elementor-section-height-default\" data-id=\"0c2e7b9\" data-element_type=\"section\">\n\t\t\t\t\t\t<div class=\"elementor-container elementor-column-gap-default\">\n\t\t\t\t\t<div class=\"elementor-column elementor-col-100 elementor-top-column elementor-element elementor-element-0975146\" data-id=\"0975146\" data-element_type=\"column\">\n\t\t\t<div class=\"elementor-widget-wrap elementor-element-populated\">\n\t\t\t\t\t\t<div class=\"elementor-element elementor-element-861bc10 elementor-widget elementor-widget-spacer\" data-id=\"861bc10\" data-element_type=\"widget\" data-widget_type=\"spacer.default\">\n\t\t\t\t<div class=\"elementor-widget-container\">\n\t\t\t\t\t<div class=\"elementor-spacer\">\n\t\t\t<div class=\"elementor-spacer-inner\"><\/div>\n\t\t<\/div>\n\t\t\t\t<\/div>\n\t\t\t\t<\/div>\n\t\t\t\t\t<\/div>\n\t\t<\/div>\n\t\t\t\t\t<\/div>\n\t\t<\/section>\n\t\t\t\t<section class=\"elementor-section elementor-top-section elementor-element elementor-element-8fa563d elementor-section-boxed elementor-section-height-default elementor-section-height-default\" data-id=\"8fa563d\" data-element_type=\"section\">\n\t\t\t\t\t\t<div class=\"elementor-container elementor-column-gap-default\">\n\t\t\t\t\t<div class=\"elementor-column elementor-col-100 elementor-top-column elementor-element elementor-element-3a2884e\" data-id=\"3a2884e\" data-element_type=\"column\">\n\t\t\t<div class=\"elementor-widget-wrap elementor-element-populated\">\n\t\t\t\t\t\t<div class=\"elementor-element elementor-element-fc23f89 souligne elementor-widget elementor-widget-heading\" data-id=\"fc23f89\" data-element_type=\"widget\" data-widget_type=\"heading.default\">\n\t\t\t\t<div class=\"elementor-widget-container\">\n\t\t\t<h2 class=\"elementor-heading-title elementor-size-xl\">Entreprise<\/h2>\t\t<\/div>\n\t\t\t\t<\/div>\n\t\t\t\t<section class=\"elementor-section elementor-inner-section elementor-element elementor-element-c344fc1 elementor-section-boxed elementor-section-height-default elementor-section-height-default\" data-id=\"c344fc1\" data-element_type=\"section\">\n\t\t\t\t\t\t<div class=\"elementor-container elementor-column-gap-default\">\n\t\t\t\t\t<div class=\"elementor-column elementor-col-50 elementor-inner-column elementor-element elementor-element-77293d8\" data-id=\"77293d8\" data-element_type=\"column\">\n\t\t\t<div class=\"elementor-widget-wrap elementor-element-populated\">\n\t\t\t\t\t\t<div class=\"elementor-element elementor-element-43c80c4 elementor-widget elementor-widget-image\" data-id=\"43c80c4\" data-element_type=\"widget\" data-widget_type=\"image.default\">\n\t\t\t\t<div class=\"elementor-widget-container\">\n\t\t\t\t\t\t\t\t\t\t\t\t\t<img fetchpriority=\"high\" decoding=\"async\" width=\"300\" height=\"300\" src=\"https:\/\/lohanfm.fr\/wp-content\/uploads\/2023\/05\/veep-ai-300x300.png\" class=\"attachment-medium size-medium wp-image-472\" alt=\"\" srcset=\"https:\/\/lohanfm.fr\/wp-content\/uploads\/2023\/05\/veep-ai-300x300.png 300w, https:\/\/lohanfm.fr\/wp-content\/uploads\/2023\/05\/elementor\/thumbs\/veep-ai-q5xukwaawfukctr5o94yj1fk9s48i1i28848me91ss.png 150w, https:\/\/lohanfm.fr\/wp-content\/uploads\/2023\/05\/elementor\/thumbs\/veep-ai-q5xukwaa64kpe0ux0wm99e4jndl9azkmp5d4xjyps4.png 90w, https:\/\/lohanfm.fr\/wp-content\/uploads\/2023\/05\/elementor\/thumbs\/veep-ai-q5xukwabid8s5tu0vpkjl2uqsg81tx3x64etp3hntc.png 200w, https:\/\/lohanfm.fr\/wp-content\/uploads\/2023\/05\/elementor\/thumbs\/veep-ai-q5xukwac4amzytww3604n49xb4bv5sps40persq9tw.png 250w, https:\/\/lohanfm.fr\/wp-content\/uploads\/2023\/05\/veep-ai.png 500w\" sizes=\"(max-width: 300px) 100vw, 300px\" \/>\t\t\t\t\t\t\t\t\t\t\t\t\t<\/div>\n\t\t\t\t<\/div>\n\t\t\t\t\t<\/div>\n\t\t<\/div>\n\t\t\t\t<div class=\"elementor-column elementor-col-50 elementor-inner-column elementor-element elementor-element-be4a556\" data-id=\"be4a556\" data-element_type=\"column\">\n\t\t\t<div class=\"elementor-widget-wrap elementor-element-populated\">\n\t\t\t\t\t\t<div class=\"elementor-element elementor-element-3199f2c elementor-widget elementor-widget-text-editor\" data-id=\"3199f2c\" data-element_type=\"widget\" data-widget_type=\"text-editor.default\">\n\t\t\t\t<div class=\"elementor-widget-container\">\n\t\t\t\t\t\t\t<p>Veep.ai est une start-up qui a pour projet de cr\u00e9er un jumeau digital, qui aiderait et accompagnerait dans toutes les \u00e9tapes d&rsquo;une pr\u00e9sence en ligne. Gr\u00e2ce \u00e0 l&rsquo;intelligence artificielle, le jumeau digital accompagne les entreprises et les particuliers, de la cr\u00e9ation d&rsquo;un site web en passant par le r\u00e9f\u00e9rencement et le design, jusqu&rsquo;\u00e0 la pr\u00e9sence sur les r\u00e9seaux tels que LinkedIn.<\/p>\t\t\t\t\t\t<\/div>\n\t\t\t\t<\/div>\n\t\t\t\t\t<\/div>\n\t\t<\/div>\n\t\t\t\t\t<\/div>\n\t\t<\/section>\n\t\t\t\t\t<\/div>\n\t\t<\/div>\n\t\t\t\t\t<\/div>\n\t\t<\/section>\n\t\t\t\t<section class=\"elementor-section elementor-top-section elementor-element elementor-element-97b9ae4 elementor-section-boxed elementor-section-height-default elementor-section-height-default\" data-id=\"97b9ae4\" data-element_type=\"section\">\n\t\t\t\t\t\t<div class=\"elementor-container elementor-column-gap-default\">\n\t\t\t\t\t<div class=\"elementor-column elementor-col-100 elementor-top-column elementor-element elementor-element-1263456\" data-id=\"1263456\" data-element_type=\"column\">\n\t\t\t<div class=\"elementor-widget-wrap elementor-element-populated\">\n\t\t\t\t\t\t<div class=\"elementor-element elementor-element-5bb13db elementor-widget elementor-widget-spacer\" data-id=\"5bb13db\" data-element_type=\"widget\" data-widget_type=\"spacer.default\">\n\t\t\t\t<div class=\"elementor-widget-container\">\n\t\t\t\t\t<div class=\"elementor-spacer\">\n\t\t\t<div class=\"elementor-spacer-inner\"><\/div>\n\t\t<\/div>\n\t\t\t\t<\/div>\n\t\t\t\t<\/div>\n\t\t\t\t\t<\/div>\n\t\t<\/div>\n\t\t\t\t\t<\/div>\n\t\t<\/section>\n\t\t\t\t<section class=\"elementor-section elementor-top-section elementor-element elementor-element-256f596 elementor-section-boxed elementor-section-height-default elementor-section-height-default\" data-id=\"256f596\" data-element_type=\"section\">\n\t\t\t\t\t\t<div class=\"elementor-container elementor-column-gap-default\">\n\t\t\t\t\t<div class=\"elementor-column elementor-col-100 elementor-top-column elementor-element elementor-element-ff73eb7\" data-id=\"ff73eb7\" data-element_type=\"column\">\n\t\t\t<div class=\"elementor-widget-wrap elementor-element-populated\">\n\t\t\t\t\t\t<div class=\"elementor-element elementor-element-982e771 souligne elementor-widget elementor-widget-heading\" data-id=\"982e771\" data-element_type=\"widget\" id=\"projets-realises\" data-widget_type=\"heading.default\">\n\t\t\t\t<div class=\"elementor-widget-container\">\n\t\t\t<h2 class=\"elementor-heading-title elementor-size-xl\">Projet r\u00e9alis\u00e9<\/h2>\t\t<\/div>\n\t\t\t\t<\/div>\n\t\t\t\t<section class=\"elementor-section elementor-inner-section elementor-element elementor-element-d379d7d elementor-section-boxed elementor-section-height-default elementor-section-height-default\" data-id=\"d379d7d\" data-element_type=\"section\">\n\t\t\t\t\t\t<div class=\"elementor-container elementor-column-gap-default\">\n\t\t\t\t\t<div class=\"elementor-column elementor-col-100 elementor-inner-column elementor-element elementor-element-31311b7\" data-id=\"31311b7\" data-element_type=\"column\">\n\t\t\t<div class=\"elementor-widget-wrap elementor-element-populated\">\n\t\t\t\t\t\t<div class=\"elementor-element elementor-element-ef4251c elementor-arrows-position-inside elementor-pagination-position-outside elementor-widget elementor-widget-image-carousel\" data-id=\"ef4251c\" data-element_type=\"widget\" data-settings=\"{&quot;slides_to_show&quot;:&quot;1&quot;,&quot;navigation&quot;:&quot;both&quot;,&quot;autoplay&quot;:&quot;yes&quot;,&quot;pause_on_hover&quot;:&quot;yes&quot;,&quot;pause_on_interaction&quot;:&quot;yes&quot;,&quot;autoplay_speed&quot;:5000,&quot;infinite&quot;:&quot;yes&quot;,&quot;effect&quot;:&quot;slide&quot;,&quot;speed&quot;:500}\" data-widget_type=\"image-carousel.default\">\n\t\t\t\t<div class=\"elementor-widget-container\">\n\t\t\t\t\t<div class=\"elementor-image-carousel-wrapper swiper\" dir=\"ltr\">\n\t\t\t<div class=\"elementor-image-carousel swiper-wrapper\" aria-live=\"off\">\n\t\t\t\t\t\t\t\t<div class=\"swiper-slide\" role=\"group\" aria-roledescription=\"slide\" aria-label=\"1 sur 4\"><figure class=\"swiper-slide-inner\"><img decoding=\"async\" class=\"swiper-slide-image\" src=\"https:\/\/lohanfm.fr\/wp-content\/uploads\/2023\/05\/veep-configuration.jpg\" alt=\"Configuration\" \/><figcaption class=\"elementor-image-carousel-caption\">Configuration<\/figcaption><\/figure><\/div><div class=\"swiper-slide\" role=\"group\" aria-roledescription=\"slide\" aria-label=\"2 sur 4\"><figure class=\"swiper-slide-inner\"><img decoding=\"async\" class=\"swiper-slide-image\" src=\"https:\/\/lohanfm.fr\/wp-content\/uploads\/2023\/05\/veep-menu.jpg\" alt=\"G\u00e9n\u00e9ration de menu\" \/><figcaption class=\"elementor-image-carousel-caption\">G\u00e9n\u00e9ration de menu<\/figcaption><\/figure><\/div><div class=\"swiper-slide\" role=\"group\" aria-roledescription=\"slide\" aria-label=\"3 sur 4\"><figure class=\"swiper-slide-inner\"><img decoding=\"async\" class=\"swiper-slide-image\" src=\"https:\/\/lohanfm.fr\/wp-content\/uploads\/2023\/05\/veep-site1.jpg\" alt=\"Contenu du site\" \/><figcaption class=\"elementor-image-carousel-caption\">Contenu du site<\/figcaption><\/figure><\/div><div class=\"swiper-slide\" role=\"group\" aria-roledescription=\"slide\" aria-label=\"4 sur 4\"><figure class=\"swiper-slide-inner\"><img decoding=\"async\" class=\"swiper-slide-image\" src=\"https:\/\/lohanfm.fr\/wp-content\/uploads\/2023\/05\/veep-site2.jpg\" alt=\"Param\u00e8tres du site\" \/><figcaption class=\"elementor-image-carousel-caption\">Param\u00e8tres du site<\/figcaption><\/figure><\/div>\t\t\t<\/div>\n\t\t\t\t\t\t\t\t\t\t\t\t<div class=\"elementor-swiper-button elementor-swiper-button-prev\" role=\"button\" tabindex=\"0\">\n\t\t\t\t\t\t<i aria-hidden=\"true\" class=\"eicon-chevron-left\"><\/i>\t\t\t\t\t<\/div>\n\t\t\t\t\t<div class=\"elementor-swiper-button elementor-swiper-button-next\" role=\"button\" tabindex=\"0\">\n\t\t\t\t\t\t<i aria-hidden=\"true\" class=\"eicon-chevron-right\"><\/i>\t\t\t\t\t<\/div>\n\t\t\t\t\n\t\t\t\t\t\t\t\t\t<div class=\"swiper-pagination\"><\/div>\n\t\t\t\t\t\t\t\t\t<\/div>\n\t\t\t\t<\/div>\n\t\t\t\t<\/div>\n\t\t\t\t\t<\/div>\n\t\t<\/div>\n\t\t\t\t\t<\/div>\n\t\t<\/section>\n\t\t\t\t\t<\/div>\n\t\t<\/div>\n\t\t\t\t\t<\/div>\n\t\t<\/section>\n\t\t\t\t<section class=\"elementor-section elementor-top-section elementor-element elementor-element-2dc9cd8 elementor-section-boxed elementor-section-height-default elementor-section-height-default\" data-id=\"2dc9cd8\" data-element_type=\"section\">\n\t\t\t\t\t\t<div class=\"elementor-container elementor-column-gap-default\">\n\t\t\t\t\t<div class=\"elementor-column elementor-col-100 elementor-top-column elementor-element elementor-element-bef5370\" data-id=\"bef5370\" data-element_type=\"column\">\n\t\t\t<div class=\"elementor-widget-wrap elementor-element-populated\">\n\t\t\t\t\t\t<div class=\"elementor-element elementor-element-d06a448 elementor-widget elementor-widget-spacer\" data-id=\"d06a448\" data-element_type=\"widget\" data-widget_type=\"spacer.default\">\n\t\t\t\t<div class=\"elementor-widget-container\">\n\t\t\t\t\t<div class=\"elementor-spacer\">\n\t\t\t<div class=\"elementor-spacer-inner\"><\/div>\n\t\t<\/div>\n\t\t\t\t<\/div>\n\t\t\t\t<\/div>\n\t\t\t\t\t<\/div>\n\t\t<\/div>\n\t\t\t\t\t<\/div>\n\t\t<\/section>\n\t\t\t\t<section class=\"elementor-section elementor-top-section elementor-element elementor-element-baa73d9 elementor-section-boxed elementor-section-height-default elementor-section-height-default\" data-id=\"baa73d9\" data-element_type=\"section\">\n\t\t\t\t\t\t<div class=\"elementor-container elementor-column-gap-default\">\n\t\t\t\t\t<div class=\"elementor-column elementor-col-100 elementor-top-column elementor-element elementor-element-f900824\" data-id=\"f900824\" data-element_type=\"column\">\n\t\t\t<div class=\"elementor-widget-wrap elementor-element-populated\">\n\t\t\t\t\t\t<div class=\"elementor-element elementor-element-537bf93 souligne elementor-widget elementor-widget-heading\" data-id=\"537bf93\" data-element_type=\"widget\" data-widget_type=\"heading.default\">\n\t\t\t\t<div class=\"elementor-widget-container\">\n\t\t\t<h2 class=\"elementor-heading-title elementor-size-xl\">Outils utilis\u00e9s<\/h2>\t\t<\/div>\n\t\t\t\t<\/div>\n\t\t\t\t<div class=\"elementor-element elementor-element-4afb373 elementor-widget elementor-widget-heading\" data-id=\"4afb373\" data-element_type=\"widget\" data-widget_type=\"heading.default\">\n\t\t\t\t<div class=\"elementor-widget-container\">\n\t\t\t<h3 class=\"elementor-heading-title elementor-size-large\">En entreprise<\/h3>\t\t<\/div>\n\t\t\t\t<\/div>\n\t\t\t\t<section class=\"elementor-section elementor-inner-section elementor-element elementor-element-365b0d2 elementor-section-boxed elementor-section-height-default elementor-section-height-default\" data-id=\"365b0d2\" data-element_type=\"section\">\n\t\t\t\t\t\t<div class=\"elementor-container elementor-column-gap-default\">\n\t\t\t\t\t<div class=\"elementor-column elementor-col-33 elementor-inner-column elementor-element elementor-element-33f2f0e\" data-id=\"33f2f0e\" data-element_type=\"column\">\n\t\t\t<div class=\"elementor-widget-wrap elementor-element-populated\">\n\t\t\t\t\t\t<div class=\"elementor-element elementor-element-82d217e elementor-widget elementor-widget-image\" data-id=\"82d217e\" data-element_type=\"widget\" data-widget_type=\"image.default\">\n\t\t\t\t<div class=\"elementor-widget-container\">\n\t\t\t\t\t\t\t\t\t\t\t\t\t<img decoding=\"async\" width=\"300\" height=\"169\" src=\"https:\/\/lohanfm.fr\/wp-content\/uploads\/2023\/05\/discord-300x169.jpg\" class=\"attachment-medium size-medium wp-image-483\" alt=\"\" srcset=\"https:\/\/lohanfm.fr\/wp-content\/uploads\/2023\/05\/discord-300x169.jpg 300w, https:\/\/lohanfm.fr\/wp-content\/uploads\/2023\/05\/discord-1024x576.jpg 1024w, https:\/\/lohanfm.fr\/wp-content\/uploads\/2023\/05\/discord-768x432.jpg 768w, https:\/\/lohanfm.fr\/wp-content\/uploads\/2023\/05\/discord.jpg 1536w\" sizes=\"(max-width: 300px) 100vw, 300px\" \/>\t\t\t\t\t\t\t\t\t\t\t\t\t<\/div>\n\t\t\t\t<\/div>\n\t\t\t\t\t<\/div>\n\t\t<\/div>\n\t\t\t\t<div class=\"elementor-column elementor-col-33 elementor-inner-column elementor-element elementor-element-c9b9a38\" data-id=\"c9b9a38\" data-element_type=\"column\">\n\t\t\t<div class=\"elementor-widget-wrap elementor-element-populated\">\n\t\t\t\t\t\t<div class=\"elementor-element elementor-element-8453e61 elementor-widget elementor-widget-image\" data-id=\"8453e61\" data-element_type=\"widget\" data-widget_type=\"image.default\">\n\t\t\t\t<div class=\"elementor-widget-container\">\n\t\t\t\t\t\t\t\t\t\t\t\t\t<img decoding=\"async\" width=\"150\" height=\"150\" src=\"https:\/\/lohanfm.fr\/wp-content\/uploads\/2023\/05\/github-150x150.webp\" class=\"attachment-thumbnail size-thumbnail wp-image-482\" alt=\"\" srcset=\"https:\/\/lohanfm.fr\/wp-content\/uploads\/2023\/05\/github-150x150.webp 150w, https:\/\/lohanfm.fr\/wp-content\/uploads\/2023\/05\/github-300x300.webp 300w, https:\/\/lohanfm.fr\/wp-content\/uploads\/2023\/05\/github-1024x1024.webp 1024w, https:\/\/lohanfm.fr\/wp-content\/uploads\/2023\/05\/github-768x768.webp 768w, https:\/\/lohanfm.fr\/wp-content\/uploads\/2023\/05\/github.webp 1280w\" sizes=\"(max-width: 150px) 100vw, 150px\" \/>\t\t\t\t\t\t\t\t\t\t\t\t\t<\/div>\n\t\t\t\t<\/div>\n\t\t\t\t\t<\/div>\n\t\t<\/div>\n\t\t\t\t<div class=\"elementor-column elementor-col-33 elementor-inner-column elementor-element elementor-element-511a14f\" data-id=\"511a14f\" data-element_type=\"column\">\n\t\t\t<div class=\"elementor-widget-wrap elementor-element-populated\">\n\t\t\t\t\t\t<div class=\"elementor-element elementor-element-c1089b4 elementor-widget elementor-widget-image\" data-id=\"c1089b4\" data-element_type=\"widget\" data-widget_type=\"image.default\">\n\t\t\t\t<div class=\"elementor-widget-container\">\n\t\t\t\t\t\t\t\t\t\t\t\t\t<img loading=\"lazy\" decoding=\"async\" width=\"150\" height=\"150\" src=\"https:\/\/lohanfm.fr\/wp-content\/uploads\/2023\/05\/PhpStorm.png\" class=\"attachment-thumbnail size-thumbnail wp-image-484\" alt=\"\" \/>\t\t\t\t\t\t\t\t\t\t\t\t\t<\/div>\n\t\t\t\t<\/div>\n\t\t\t\t\t<\/div>\n\t\t<\/div>\n\t\t\t\t\t<\/div>\n\t\t<\/section>\n\t\t\t\t<div class=\"elementor-element elementor-element-c0ff3c3 elementor-widget-divider--view-line elementor-widget elementor-widget-divider\" data-id=\"c0ff3c3\" data-element_type=\"widget\" data-widget_type=\"divider.default\">\n\t\t\t\t<div class=\"elementor-widget-container\">\n\t\t\t\t\t<div class=\"elementor-divider\">\n\t\t\t<span class=\"elementor-divider-separator\">\n\t\t\t\t\t\t<\/span>\n\t\t<\/div>\n\t\t\t\t<\/div>\n\t\t\t\t<\/div>\n\t\t\t\t<div class=\"elementor-element elementor-element-104cd19 elementor-widget elementor-widget-heading\" data-id=\"104cd19\" data-element_type=\"widget\" data-widget_type=\"heading.default\">\n\t\t\t\t<div class=\"elementor-widget-container\">\n\t\t\t<h2 class=\"elementor-heading-title elementor-size-large\">Les extensions sur WordPress<\/h2>\t\t<\/div>\n\t\t\t\t<\/div>\n\t\t\t\t<section class=\"elementor-section elementor-inner-section elementor-element elementor-element-94aa6f3 elementor-section-boxed elementor-section-height-default elementor-section-height-default\" data-id=\"94aa6f3\" data-element_type=\"section\">\n\t\t\t\t\t\t<div class=\"elementor-container elementor-column-gap-default\">\n\t\t\t\t\t<div class=\"elementor-column elementor-col-100 elementor-inner-column elementor-element elementor-element-dbcbb24\" data-id=\"dbcbb24\" data-element_type=\"column\">\n\t\t\t<div class=\"elementor-widget-wrap elementor-element-populated\">\n\t\t\t\t\t\t<div class=\"elementor-element elementor-element-8a3fe08 elementor-widget elementor-widget-image\" data-id=\"8a3fe08\" data-element_type=\"widget\" data-widget_type=\"image.default\">\n\t\t\t\t<div class=\"elementor-widget-container\">\n\t\t\t\t\t\t\t\t\t\t\t\t\t<img fetchpriority=\"high\" decoding=\"async\" width=\"300\" height=\"300\" src=\"https:\/\/lohanfm.fr\/wp-content\/uploads\/2023\/05\/veep-ai-300x300.png\" class=\"attachment-medium size-medium wp-image-472\" alt=\"\" srcset=\"https:\/\/lohanfm.fr\/wp-content\/uploads\/2023\/05\/veep-ai-300x300.png 300w, https:\/\/lohanfm.fr\/wp-content\/uploads\/2023\/05\/elementor\/thumbs\/veep-ai-q5xukwaawfukctr5o94yj1fk9s48i1i28848me91ss.png 150w, https:\/\/lohanfm.fr\/wp-content\/uploads\/2023\/05\/elementor\/thumbs\/veep-ai-q5xukwaa64kpe0ux0wm99e4jndl9azkmp5d4xjyps4.png 90w, https:\/\/lohanfm.fr\/wp-content\/uploads\/2023\/05\/elementor\/thumbs\/veep-ai-q5xukwabid8s5tu0vpkjl2uqsg81tx3x64etp3hntc.png 200w, https:\/\/lohanfm.fr\/wp-content\/uploads\/2023\/05\/elementor\/thumbs\/veep-ai-q5xukwac4amzytww3604n49xb4bv5sps40persq9tw.png 250w, https:\/\/lohanfm.fr\/wp-content\/uploads\/2023\/05\/veep-ai.png 500w\" sizes=\"(max-width: 300px) 100vw, 300px\" \/>\t\t\t\t\t\t\t\t\t\t\t\t\t<\/div>\n\t\t\t\t<\/div>\n\t\t\t\t\t<\/div>\n\t\t<\/div>\n\t\t\t\t\t<\/div>\n\t\t<\/section>\n\t\t\t\t\t<\/div>\n\t\t<\/div>\n\t\t\t\t\t<\/div>\n\t\t<\/section>\n\t\t\t\t<section class=\"elementor-section elementor-top-section elementor-element elementor-element-ad7ef92 elementor-section-boxed elementor-section-height-default elementor-section-height-default\" data-id=\"ad7ef92\" data-element_type=\"section\">\n\t\t\t\t\t\t<div class=\"elementor-container elementor-column-gap-default\">\n\t\t\t\t\t<div class=\"elementor-column elementor-col-100 elementor-top-column elementor-element elementor-element-ad7fcc2\" data-id=\"ad7fcc2\" data-element_type=\"column\">\n\t\t\t<div class=\"elementor-widget-wrap elementor-element-populated\">\n\t\t\t\t\t\t<div class=\"elementor-element elementor-element-6535716 elementor-widget elementor-widget-button\" data-id=\"6535716\" data-element_type=\"widget\" data-widget_type=\"button.default\">\n\t\t\t\t<div class=\"elementor-widget-container\">\n\t\t\t\t\t\t\t<div class=\"elementor-button-wrapper\">\n\t\t\t\t\t<a class=\"elementor-button elementor-button-link elementor-size-sm elementor-animation-shrink\" href=\"http:\/\/lohanfm.fr\/wp-content\/uploads\/2023\/05\/Stage-1-En-savoir-plus.pdf\">\n\t\t\t\t\t\t<span class=\"elementor-button-content-wrapper\">\n\t\t\t\t\t\t\t\t\t<span class=\"elementor-button-text\">En savoir plus<\/span>\n\t\t\t\t\t<\/span>\n\t\t\t\t\t<\/a>\n\t\t\t\t<\/div>\n\t\t\t\t\t\t<\/div>\n\t\t\t\t<\/div>\n\t\t\t\t\t<\/div>\n\t\t<\/div>\n\t\t\t\t\t<\/div>\n\t\t<\/section>\n\t\t\t\t<\/div>\n\t\t","protected":false},"excerpt":{"rendered":"<p>2\u00e8me stage de BTS SIO 13 mars au 21 avril 2023 Entreprise Veep.ai est une start-up qui a pour projet de cr\u00e9er un jumeau digital, qui aiderait et accompagnerait dans toutes les \u00e9tapes d&rsquo;une pr\u00e9sence en ligne. Gr\u00e2ce \u00e0 l&rsquo;intelligence artificielle, le jumeau digital accompagne les entreprises et les particuliers, de la cr\u00e9ation d&rsquo;un site [&hellip;]<\/p>\n","protected":false},"author":1,"featured_media":0,"parent":0,"menu_order":0,"comment_status":"closed","ping_status":"closed","template":"","meta":{"footnotes":""},"class_list":["post-338","page","type-page","status-publish","hentry"],"_links":{"self":[{"href":"https:\/\/lohanfm.fr\/index.php\/wp-json\/wp\/v2\/pages\/338","targetHints":{"allow":["GET"]}}],"collection":[{"href":"https:\/\/lohanfm.fr\/index.php\/wp-json\/wp\/v2\/pages"}],"about":[{"href":"https:\/\/lohanfm.fr\/index.php\/wp-json\/wp\/v2\/types\/page"}],"author":[{"embeddable":true,"href":"https:\/\/lohanfm.fr\/index.php\/wp-json\/wp\/v2\/users\/1"}],"replies":[{"embeddable":true,"href":"https:\/\/lohanfm.fr\/index.php\/wp-json\/wp\/v2\/comments?post=338"}],"version-history":[{"count":35,"href":"https:\/\/lohanfm.fr\/index.php\/wp-json\/wp\/v2\/pages\/338\/revisions"}],"predecessor-version":[{"id":556,"href":"https:\/\/lohanfm.fr\/index.php\/wp-json\/wp\/v2\/pages\/338\/revisions\/556"}],"wp:attachment":[{"href":"https:\/\/lohanfm.fr\/index.php\/wp-json\/wp\/v2\/media?parent=338"}],"curies":[{"name":"wp","href":"https:\/\/api.w.org\/{rel}","templated":true}]}}